{"id":1894,"date":"2025-02-27T22:48:15","date_gmt":"2025-02-27T21:48:15","guid":{"rendered":"https:\/\/bhakti-wear.com\/?post_type=product&#038;p=1894"},"modified":"2026-03-22T15:02:12","modified_gmt":"2026-03-22T14:02:12","slug":"longsleeve","status":"publish","type":"product","link":"https:\/\/bhakti-wear.com\/ru\/product\/longsleeve","title":{"rendered":"Longsleeve"},"content":{"rendered":"<p><span data-contrast=\"auto\">Ein Longsleeve mit einem hohen Rollkragen, der das Outfit stilvoll abrundet. Die langen \u00c4rmel mit breiten Manschetten erg\u00e4nzen das minimalistische Design harmonisch.<\/span><span data-ccp-props=\"{&quot;134233117&quot;:false,&quot;134233118&quot;:false,&quot;335559738&quot;:195,&quot;335559739&quot;:195}\">\u00a0<\/span><\/p>\n<p><span data-contrast=\"auto\">Longsleeve \u2013 Feinstrickstoff, Mustang-Jersey: 55% Viskose, 35% Polyacryl, 10% Nylon<\/span><span data-ccp-props=\"{&quot;134233117&quot;:false,&quot;134233118&quot;:false,&quot;335559738&quot;:195,&quot;335559739&quot;:195}\">\u00a0<\/span><\/p>\n<p><b><span data-contrast=\"auto\">Nicht verf\u00fcgbar.<\/span><\/b><span data-ccp-props=\"{&quot;134233117&quot;:false,&quot;134233118&quot;:false,&quot;335559738&quot;:195,&quot;335559739&quot;:195}\">\u00a0<\/span><\/p>\n<p><span data-contrast=\"auto\">Andere Gr\u00f6\u00dfen und Farben k\u00f6nnen auf Bestellung gefertigt werden.<\/span><span data-ccp-props=\"{&quot;134233117&quot;:false,&quot;134233118&quot;:false,&quot;335559738&quot;:195,&quot;335559739&quot;:195}\">\u00a0<\/span><\/p>\n<p><span data-contrast=\"auto\">(*Kontaktdaten hinterlassen)<\/span><span data-ccp-props=\"{&quot;134233117&quot;:false,&quot;134233118&quot;:false,&quot;335559738&quot;:195,&quot;335559739&quot;:195}\">\u00a0<\/span><\/p>\n","protected":false},"excerpt":{"rendered":"<p>Ein Longsleeve mit einem hohen Rollkragen, der das Outfit stilvoll abrundet. Die langen \u00c4rmel mit breiten Manschetten erg\u00e4nzen das minimalistische Design harmonisch.\u00a0 Longsleeve \u2013 Feinstrickstoff, Mustang-Jersey: 55% Viskose, 35% Polyacryl, 10% Nylon\u00a0 Nicht verf\u00fcgbar.\u00a0 Andere Gr\u00f6\u00dfen und Farben k\u00f6nnen auf Bestellung gefertigt werden.\u00a0 (*Kontaktdaten hinterlassen)\u00a0<\/p>\n","protected":false},"featured_media":1887,"template":"","meta":{"_eb_attr":"","ngg_post_thumbnail":0},"product_brand":[],"product_cat":[32],"product_tag":[],"class_list":{"0":"post-1894","1":"product","2":"type-product","3":"status-publish","4":"has-post-thumbnail","6":"product_cat-anzuege","8":"first","9":"instock","10":"shipping-taxable","11":"purchasable","12":"product-type-variable"},"_links":{"self":[{"href":"https:\/\/bhakti-wear.com\/ru\/wp-json\/wp\/v2\/product\/1894","targetHints":{"allow":["GET"]}}],"collection":[{"href":"https:\/\/bhakti-wear.com\/ru\/wp-json\/wp\/v2\/product"}],"about":[{"href":"https:\/\/bhakti-wear.com\/ru\/wp-json\/wp\/v2\/types\/product"}],"wp:featuredmedia":[{"embeddable":true,"href":"https:\/\/bhakti-wear.com\/ru\/wp-json\/wp\/v2\/media\/1887"}],"wp:attachment":[{"href":"https:\/\/bhakti-wear.com\/ru\/wp-json\/wp\/v2\/media?parent=1894"}],"wp:term":[{"taxonomy":"product_brand","embeddable":true,"href":"https:\/\/bhakti-wear.com\/ru\/wp-json\/wp\/v2\/product_brand?post=1894"},{"taxonomy":"product_cat","embeddable":true,"href":"https:\/\/bhakti-wear.com\/ru\/wp-json\/wp\/v2\/product_cat?post=1894"},{"taxonomy":"product_tag","embeddable":true,"href":"https:\/\/bhakti-wear.com\/ru\/wp-json\/wp\/v2\/product_tag?post=1894"}],"curies":[{"name":"wp","href":"https:\/\/api.w.org\/{rel}","templated":true}]}}